{"id":54,"date":"2015-06-21T17:19:13","date_gmt":"2015-06-21T15:19:13","guid":{"rendered":"https:\/\/emyvintners.fr\/mentions-legales-2\/"},"modified":"2026-01-14T14:27:59","modified_gmt":"2026-01-14T13:27:59","slug":"legal-terms","status":"publish","type":"page","link":"https:\/\/emyvintners.fr\/en\/legal-terms\/","title":{"rendered":"Legal terms"},"content":{"rendered":"<p>Raison sociale\u00a0: Emy Vintners<br \/>\nSARL au\u00a0capital de\u00a015 000 \u20ac<br \/>\nRCS\u00a0Chambery B 527 944 367<br \/>\nCode NAF\u00a0:\u00a04725Z<br \/>\nSi\u00e8ge social\u00a0:\u00a0Les\u00a0isles, zone d&#8217;am\u00e9nagement concert\u00e9 73210 AIME<br \/>\nE-mail\u00a0: info\u00a0at emyvintners.fr<br \/>\nT\u00e9l\u00e9phone\u00a0:<br \/>\nDirecteur de\u00a0publication\u00a0: Benoit Gallienne<\/p>\n<h2>H\u00e9bergeur<\/h2>\n<p>VULTR (vultr.com)<br \/>\n100 Matawan Rd<br \/>\nSuite 420<br \/>\nMatawan, NJ 07747, USA<\/p>\n<h2>Propri\u00e9t\u00e9s intellectuelles<\/h2>\n<p>Les\u00a0contenus de\u00a0ce site (structure, design, texte, image, animation, logo) sont la\u00a0propri\u00e9t\u00e9 exclusive de\u00a0Emy Vintners. Toute repr\u00e9sentation totale ou partielle de\u00a0ce site est soumise \u00e0\u00a0l\u2019autorisation pr\u00e9alable, \u00e9crite et expresse de\u00a0Emy Vintners.<\/p>\n<p>Les\u00a0noms, marques et enseignes cit\u00e9s sur le\u00a0site sont la\u00a0propri\u00e9t\u00e9 de\u00a0leurs d\u00e9posants respectifs.<\/p>\n<h2>Limitation de\u00a0responsabilit\u00e9<\/h2>\n<p>Ce\u00a0site ne saurait \u00eatre tenu pour responsable des\u00a0erreurs rencontr\u00e9es sur le\u00a0site, probl\u00e8mes techniques, interpr\u00e9tation des\u00a0informations publi\u00e9e et cons\u00e9quences de\u00a0leur utilisation. En cons\u00e9quence, l\u2019utilisateur reconna\u00eet utiliser ces\u00a0informations sous sa responsabilit\u00e9 exclusive.<\/p>\n<h2>Informatique et libert\u00e9s<\/h2>\n<p>Conform\u00e9ment \u00e0\u00a0la\u00a0loi \u00ab informatique et libert\u00e9s \u00bb du 6 janvier 1978 modifi\u00e9e en 2004, vous\u00a0b\u00e9n\u00e9ficiez d\u2019un droit d\u2019acc\u00e8s et de\u00a0rectification aux\u00a0informations qui vous\u00a0concernent, que vous\u00a0pouvez exercer en vous\u00a0adressant \u00e0\u00a0Emy Vintners\u00a0Les\u00a0isles, zone d&#8217;am\u00e9nagement concert\u00e9 73210 AIME.<\/p>\n<p>Vous\u00a0pouvez \u00e9galement, pour des\u00a0motifs l\u00e9gitimes, vous\u00a0opposer au\u00a0traitement des\u00a0donn\u00e9es vous\u00a0concernant.<\/p>\n","protected":false},"excerpt":{"rendered":"<p>Raison sociale\u00a0: Emy Vintners SARL au\u00a0capital de\u00a015 000 \u20ac RCS\u00a0Chambery B 527 944 367 Code NAF\u00a0:\u00a04725Z Si\u00e8ge social\u00a0:\u00a0Les\u00a0isles, zone d&#8217;am\u00e9nagement concert\u00e9 73210 AIME E-mail\u00a0: info\u00a0at emyvintners.fr T\u00e9l\u00e9phone\u00a0: Directeur de\u00a0publication\u00a0: Benoit Gallienne H\u00e9bergeur VULTR (vultr.com) 100 Matawan Rd Suite 420 Matawan, NJ 07747, USA Propri\u00e9t\u00e9s intellectuelles Les\u00a0contenus de\u00a0ce site (structure, design, texte, image, animation, logo) sont&#8230;  <a class=\"excerpt-read-more\" href=\"https:\/\/emyvintners.fr\/en\/legal-terms\/\" title=\"Read Legal terms\">Read more &raquo;<\/a><\/p>\n","protected":false},"author":2,"featured_media":0,"parent":0,"menu_order":0,"comment_status":"closed","ping_status":"open","template":"","meta":{"_acf_changed":false,"footnotes":""},"class_list":["post-54","page","type-page","status-publish","hentry"],"acf":[],"_links":{"self":[{"href":"https:\/\/emyvintners.fr\/en\/wp-json\/wp\/v2\/pages\/54","targetHints":{"allow":["GET"]}}],"collection":[{"href":"https:\/\/emyvintners.fr\/en\/wp-json\/wp\/v2\/pages"}],"about":[{"href":"https:\/\/emyvintners.fr\/en\/wp-json\/wp\/v2\/types\/page"}],"author":[{"embeddable":true,"href":"https:\/\/emyvintners.fr\/en\/wp-json\/wp\/v2\/users\/2"}],"replies":[{"embeddable":true,"href":"https:\/\/emyvintners.fr\/en\/wp-json\/wp\/v2\/comments?post=54"}],"version-history":[{"count":3,"href":"https:\/\/emyvintners.fr\/en\/wp-json\/wp\/v2\/pages\/54\/revisions"}],"predecessor-version":[{"id":368,"href":"https:\/\/emyvintners.fr\/en\/wp-json\/wp\/v2\/pages\/54\/revisions\/368"}],"wp:attachment":[{"href":"https:\/\/emyvintners.fr\/en\/wp-json\/wp\/v2\/media?parent=54"}],"curies":[{"name":"wp","href":"https:\/\/api.w.org\/{rel}","templated":true}]}}